{"id":230,"date":"2020-01-04T08:40:38","date_gmt":"2020-01-04T07:40:38","guid":{"rendered":"http:\/\/jjc-kingersheim.fr\/?page_id=230"},"modified":"2020-01-04T08:40:38","modified_gmt":"2020-01-04T07:40:38","slug":"reglement-interieur","status":"publish","type":"page","link":"http:\/\/jjc-kingersheim.fr\/?page_id=230","title":{"rendered":"R\u00e8glement int\u00e9rieur"},"content":{"rendered":"\n<p>R\u00e8glement et consignes particuli\u00e8res dans le Dojo<\/p>\n\n\n\n<p>HYGIENE :<\/p>\n\n\n\n<ul class=\"wp-block-list\"><li>le corps doit \u00eatre propre, en particulier les mains et les pieds<\/li><li>les ongles doivent \u00eatre coup\u00e9s courts<\/li><li>les zoris (sandales) sont obligatoires pour marcher hors du tatami<\/li><li>le judogi doit \u00eatre propre<\/li><\/ul>\n\n\n\n<p>SECURITE :<\/p>\n\n\n\n<ul class=\"wp-block-list\"><li>signaler au professeur tout probl\u00e8me de sant\u00e9<\/li><li>avoir un certificat m\u00e9dical dat\u00e9 de moins d&rsquo;un anautorisant la pratique du judo<\/li><li>enlever tous types de bijoux ainsi que les pinces pour cheveux<\/li><\/ul>\n\n\n\n<p>PRATIQUE &#8211; il faut :  <\/p>\n\n\n\n<ul class=\"wp-block-list\"><li>aller aux toilettes avant le cours<\/li><li>boire avant la s\u00e9ance et pendant la pause (de l&rsquo;eau uniquement)<\/li><li>ne pas m\u00e2cher du chewing gum pendant les cours<\/li><li>ne rien porter sous la veste du judogi except\u00e9 pour les filles (tee shirt blanc) et les enfants malades<\/li><li>saluer le tatami en entrant et en sortant<\/li><li>qu&rsquo;au d\u00e9but et \u00e0 la fin du cours les professeurs et les \u00e9l\u00e8ves se saluent. En cas de retard, l&rsquo;\u00e9l\u00e8ve salue le professeur en entrant sur le tatami<\/li><li>demander l&rsquo;autorisation au professeur pour quitter le tatami pendant le cours (hors pause)<\/li><li>respecter les r\u00e8gles de politesse<\/li><li>respecter les \u00e9l\u00e8ves plus grad\u00e9s que soi et accepter leurs conseils.<\/li><li>r\u00e9ajuster sa tenue lorsque l&rsquo;on  ne travaille pas afin de ne jamais avoir une tenue n\u00e9glig\u00e9e<\/li><li>veiller \u00e0 ce que sa ceinture soit parfaitement nou\u00e9e pendant les cours<\/li><li>dans le dojo, les pratiquants ou non pratiquants doivent rester silencieux et s&rsquo;ils ont \u00e0 parler, ils doivent le faire \u00e0 voix basse<\/li><\/ul>\n","protected":false},"excerpt":{"rendered":"<p>R\u00e8glement et consignes particuli\u00e8res dans le Dojo HYGIENE : le corps doit \u00eatre propre, en particulier les mains et les pieds les ongles doivent \u00eatre coup\u00e9s courts les zoris (sandales) sont obligatoires pour marcher hors du tatami le judogi doit \u00eatre propre SECURITE : signaler au professeur tout probl\u00e8me de sant\u00e9 avoir un certificat m\u00e9dical dat\u00e9 de moins d&rsquo;un anautorisant la pratique du judo enlever tous types de bijoux ainsi que les pinces pour cheveux PRATIQUE &#8211; il faut : aller aux toilettes avant le cours boire avant la s\u00e9ance et pendant la pause (de l&rsquo;eau uniquement) ne pas m\u00e2cher du chewing gum pendant les cours ne rien porter sous la veste du judogi except\u00e9 pour les filles (tee shirt blanc) et les enfants malades saluer le tatami en entrant et en sortant qu&rsquo;au d\u00e9but et \u00e0 la fin du cours les professeurs et les \u00e9l\u00e8ves se saluent. En cas de retard, l&rsquo;\u00e9l\u00e8ve salue le professeur en entrant sur le tatami demander l&rsquo;autorisation au professeur pour quitter le tatami pendant le cours (hors pause) respecter les r\u00e8gles de politesse respecter les \u00e9l\u00e8ves plus grad\u00e9s que soi et accepter leurs conseils. r\u00e9ajuster sa tenue lorsque l&rsquo;on ne travaille pas afin de ne jamais avoir une tenue n\u00e9glig\u00e9e veiller \u00e0 ce que sa ceinture soit parfaitement nou\u00e9e pendant les cours dans le dojo, les pratiquants ou non pratiquants doivent rester silencieux et s&rsquo;ils ont \u00e0 parler, ils doivent le faire \u00e0 voix basse<\/p>\n","protected":false},"author":1,"featured_media":0,"parent":0,"menu_order":0,"comment_status":"closed","ping_status":"closed","template":"","meta":{"footnotes":""},"class_list":["post-230","page","type-page","status-publish","hentry"],"_links":{"self":[{"href":"http:\/\/jjc-kingersheim.fr\/index.php?rest_route=\/wp\/v2\/pages\/230","targetHints":{"allow":["GET"]}}],"collection":[{"href":"http:\/\/jjc-kingersheim.fr\/index.php?rest_route=\/wp\/v2\/pages"}],"about":[{"href":"http:\/\/jjc-kingersheim.fr\/index.php?rest_route=\/wp\/v2\/types\/page"}],"author":[{"embeddable":true,"href":"http:\/\/jjc-kingersheim.fr\/index.php?rest_route=\/wp\/v2\/users\/1"}],"replies":[{"embeddable":true,"href":"http:\/\/jjc-kingersheim.fr\/index.php?rest_route=%2Fwp%2Fv2%2Fcomments&post=230"}],"version-history":[{"count":1,"href":"http:\/\/jjc-kingersheim.fr\/index.php?rest_route=\/wp\/v2\/pages\/230\/revisions"}],"predecessor-version":[{"id":233,"href":"http:\/\/jjc-kingersheim.fr\/index.php?rest_route=\/wp\/v2\/pages\/230\/revisions\/233"}],"wp:attachment":[{"href":"http:\/\/jjc-kingersheim.fr\/index.php?rest_route=%2Fwp%2Fv2%2Fmedia&parent=230"}],"curies":[{"name":"wp","href":"https:\/\/api.w.org\/{rel}","templated":true}]}}