{"id":238,"date":"2020-01-04T08:53:17","date_gmt":"2020-01-04T07:53:17","guid":{"rendered":"http:\/\/jjc-kingersheim.fr\/?page_id=238"},"modified":"2025-08-28T09:09:17","modified_gmt":"2025-08-28T07:09:17","slug":"bienvenue","status":"publish","type":"page","link":"http:\/\/jjc-kingersheim.fr\/","title":{"rendered":"Le Judo, \u00e9cole de la vie"},"content":{"rendered":"\n<p class=\"has-text-align-left has-black-color has-luminous-vivid-amber-background-color has-text-color has-background has-medium-font-size\"><strong>Nous sommes tr\u00e8s heureux de vous accueillir sur le site du Judo Jujitsu Club de Kingersheim. Vous y trouverez toutes les informations administratives, sportives et \u00e9v\u00e8nementielles qui font la vie du club. <\/strong><\/p>\n\n\n\n<h4 class=\"wp-block-heading has-text-align-center has-black-color has-luminous-vivid-amber-background-color has-text-color has-background has-link-color has-medium-font-size wp-elements-e36fc6639da8e52680850d662965efdf\" style=\"font-style:normal;font-weight:700\">D\u00e9couvrez le JJCK &#8211; cliquez sur le lien : <a href=\"https:\/\/photos.app.goo.gl\/ycTKYx92RfozFLw27\">https:\/\/photos.app.goo.gl\/ycTKYx92RfozFLw27<\/a><\/h4>\n\n\n\n<h2 class=\"wp-block-heading has-text-align-center has-luminous-dusk-gradient-background has-background\" style=\"font-size:25px;font-style:normal;font-weight:700\">Nouvelle saison 2025 &#8211; 2026 &#8211; c&rsquo;est la rentr\u00e9e sportive<\/h2>\n\n\n\n<p>D\u00e9but des cours le mercredi 10 septembre 2025 pour les \u00e9coles 2 et 3 et le samedi 13 septembre pour les \u00e9coles Eveil,1 et 2.<\/p>\n\n\n\n<p>Journ\u00e9e portes ouvertes le samedi 6 septembre de 10h00 \u00e0 16h00<\/p>\n\n\n\n<p>Inscription uniquement le samedi apr\u00e8s midi<\/p>\n\n\n\n<p>Le site est \u00e0 jour pour la nouvelle saison. Vous pouvez consulter les horaires, les tarifs (onglet informations club  &#8211; tarifs saison 2025 \/ 2026).<\/p>\n\n\n\n<div class=\"wp-block-group is-vertical is-layout-flex wp-container-core-group-is-layout-8cf370e7 wp-block-group-is-layout-flex\">\n<p>R\u00e9partition des \u00e9coles : <\/p>\n\n\n\n<ul class=\"wp-block-list\">\n<li>2020\/2021 : \u00e9cole \u00e9veil<\/li>\n<\/ul>\n\n\n\n<ul class=\"wp-block-list\">\n<li>2018\/2019 : \u00e9cole 1<\/li>\n<\/ul>\n\n\n\n<ul class=\"wp-block-list\">\n<li>2016\/2017 : \u00e9cole 2<\/li>\n<\/ul>\n\n\n\n<ul class=\"wp-block-list\">\n<li>2013\/2014\/2015 : \u00e9cole 3<\/li>\n<\/ul>\n\n\n\n<ul class=\"wp-block-list\">\n<li>A partir de 2012 : adulte<\/li>\n<\/ul>\n\n\n\n<p><\/p>\n<\/div>\n\n\n\n<h2 class=\"wp-block-heading\" id=\"block-858dc226-34a5-4e27-b3c8-ce53e22e9a48\">ECOLES SAISON 2025 2026<\/h2>\n\n\n\n<figure class=\"wp-block-image size-large\"><img loading=\"lazy\" decoding=\"async\" width=\"1024\" height=\"570\" src=\"http:\/\/jjc-kingersheim.fr\/wp-content\/uploads\/2025\/08\/image-1024x570.png\" alt=\"\" class=\"wp-image-1579\" srcset=\"http:\/\/jjc-kingersheim.fr\/wp-content\/uploads\/2025\/08\/image-1024x570.png 1024w, http:\/\/jjc-kingersheim.fr\/wp-content\/uploads\/2025\/08\/image-300x167.png 300w, http:\/\/jjc-kingersheim.fr\/wp-content\/uploads\/2025\/08\/image-768x427.png 768w, http:\/\/jjc-kingersheim.fr\/wp-content\/uploads\/2025\/08\/image-1536x855.png 1536w, http:\/\/jjc-kingersheim.fr\/wp-content\/uploads\/2025\/08\/image-1140x634.png 1140w, http:\/\/jjc-kingersheim.fr\/wp-content\/uploads\/2025\/08\/image.png 1856w\" sizes=\"auto, (max-width: 1024px) 100vw, 1024px\" \/><\/figure>\n\n\n\n<figure class=\"wp-block-image size-large\"><img loading=\"lazy\" decoding=\"async\" width=\"1024\" height=\"570\" src=\"http:\/\/jjc-kingersheim.fr\/wp-content\/uploads\/2025\/08\/image-1-1024x570.png\" alt=\"\" class=\"wp-image-1581\" srcset=\"http:\/\/jjc-kingersheim.fr\/wp-content\/uploads\/2025\/08\/image-1-1024x570.png 1024w, http:\/\/jjc-kingersheim.fr\/wp-content\/uploads\/2025\/08\/image-1-300x167.png 300w, http:\/\/jjc-kingersheim.fr\/wp-content\/uploads\/2025\/08\/image-1-768x427.png 768w, http:\/\/jjc-kingersheim.fr\/wp-content\/uploads\/2025\/08\/image-1-1536x855.png 1536w, http:\/\/jjc-kingersheim.fr\/wp-content\/uploads\/2025\/08\/image-1-1140x634.png 1140w, http:\/\/jjc-kingersheim.fr\/wp-content\/uploads\/2025\/08\/image-1.png 1856w\" sizes=\"auto, (max-width: 1024px) 100vw, 1024px\" \/><\/figure>\n\n\n\n<figure class=\"wp-block-image size-full is-resized\"><img loading=\"lazy\" decoding=\"async\" width=\"962\" height=\"960\" src=\"http:\/\/jjc-kingersheim.fr\/wp-content\/uploads\/2025\/08\/image-2.png\" alt=\"\" class=\"wp-image-1582\" style=\"width:483px;height:auto\" srcset=\"http:\/\/jjc-kingersheim.fr\/wp-content\/uploads\/2025\/08\/image-2.png 962w, http:\/\/jjc-kingersheim.fr\/wp-content\/uploads\/2025\/08\/image-2-300x300.png 300w, http:\/\/jjc-kingersheim.fr\/wp-content\/uploads\/2025\/08\/image-2-150x150.png 150w, http:\/\/jjc-kingersheim.fr\/wp-content\/uploads\/2025\/08\/image-2-768x766.png 768w, http:\/\/jjc-kingersheim.fr\/wp-content\/uploads\/2025\/08\/image-2-75x75.png 75w\" sizes=\"auto, (max-width: 962px) 100vw, 962px\" \/><\/figure>\n","protected":false},"excerpt":{"rendered":"<p>Nous sommes tr\u00e8s heureux de vous accueillir sur le site du Judo Jujitsu Club de Kingersheim. Vous y trouverez toutes les informations administratives, sportives et \u00e9v\u00e8nementielles qui font la vie du club. D\u00e9couvrez le JJCK &#8211; cliquez sur le lien : https:\/\/photos.app.goo.gl\/ycTKYx92RfozFLw27 Nouvelle saison 2025 &#8211; 2026 &#8211; c&rsquo;est la rentr\u00e9e sportive D\u00e9but des cours le mercredi 10 septembre 2025 pour les \u00e9coles 2 et 3 et le samedi 13 septembre pour les \u00e9coles Eveil,1 et 2. Journ\u00e9e portes ouvertes le samedi 6 septembre de 10h00 \u00e0 16h00 Inscription uniquement le samedi apr\u00e8s midi Le site est \u00e0 jour pour la nouvelle saison. Vous pouvez consulter les horaires, les tarifs (onglet informations club &#8211; tarifs saison 2025 \/ 2026). R\u00e9partition des \u00e9coles : ECOLES SAISON 2025 2026<\/p>\n","protected":false},"author":1,"featured_media":0,"parent":0,"menu_order":0,"comment_status":"closed","ping_status":"closed","template":"page-templates\/pagebuilder.php","meta":{"footnotes":""},"class_list":["post-238","page","type-page","status-publish","hentry"],"_links":{"self":[{"href":"http:\/\/jjc-kingersheim.fr\/index.php?rest_route=\/wp\/v2\/pages\/238","targetHints":{"allow":["GET"]}}],"collection":[{"href":"http:\/\/jjc-kingersheim.fr\/index.php?rest_route=\/wp\/v2\/pages"}],"about":[{"href":"http:\/\/jjc-kingersheim.fr\/index.php?rest_route=\/wp\/v2\/types\/page"}],"author":[{"embeddable":true,"href":"http:\/\/jjc-kingersheim.fr\/index.php?rest_route=\/wp\/v2\/users\/1"}],"replies":[{"embeddable":true,"href":"http:\/\/jjc-kingersheim.fr\/index.php?rest_route=%2Fwp%2Fv2%2Fcomments&post=238"}],"version-history":[{"count":238,"href":"http:\/\/jjc-kingersheim.fr\/index.php?rest_route=\/wp\/v2\/pages\/238\/revisions"}],"predecessor-version":[{"id":1584,"href":"http:\/\/jjc-kingersheim.fr\/index.php?rest_route=\/wp\/v2\/pages\/238\/revisions\/1584"}],"wp:attachment":[{"href":"http:\/\/jjc-kingersheim.fr\/index.php?rest_route=%2Fwp%2Fv2%2Fmedia&parent=238"}],"curies":[{"name":"wp","href":"https:\/\/api.w.org\/{rel}","templated":true}]}}